{"id":3,"date":"2024-11-30T13:18:03","date_gmt":"2024-11-30T13:18:03","guid":{"rendered":"https:\/\/meloverde.io\/?page_id=3"},"modified":"2025-03-04T13:53:06","modified_gmt":"2025-03-04T12:53:06","slug":"warranty-conditions","status":"publish","type":"page","link":"https:\/\/meloverde.io\/en\/warranty-conditions\/","title":{"rendered":"Condizioni di Garanzia"},"content":{"rendered":"<h2 class=\"wp-block-heading\">Garanzia e termini della garanzia<\/h2><p>Nel caso sussista un caso di garanzia, invitiamo a contattarci via mail all&#8217;indirizzo ciao@meloverde.io. Si deve tenere presente che la merce dev&#8217;essere restituita compresi gli accessori originali di Meloverde. Nel caso in cui tali accessori dovessero mancare, l&#8217;eventuale importo da rimborsare verr\u00e0 ridotto di conseguenza. Lo stesso si applica se gli accessori originali provvisti di sigillo di Meloverde dovessero essere restituiti senza tale sigillo.<\/p><p>In caso di rimborso del prezzo d&#8217;acquisto, ci avvaliamo dello stesso strumento di pagamento che l&#8217;utente ha utilizzato per la transazione originale.<\/p><p>Saranno applicate le norme di garanzia e termini di prescrizione previsti dalla legge, con le seguenti restrizioni:<\/p><p>Se l\u2019utente effettua un acquisto per uno scopo che non pu\u00f2 essere attribuito principalmente alla propria attivit\u00e0 commerciale oppure alla propria attivit\u00e0 professionale indipendente (consumatore), agli articoli usati viene applicato un termine di garanzia di 12 mesi, a decorrere dalla consegna della merce. Per alcuni prodotti del grado inferiore di ricondizionamento \u00e8 applicata la garanzia ridotta di 3 mesi.<\/p><p>La garanzia viene fornita in conformit\u00e0 alle disposizioni di legge. Il trasferimento dei diritti di garanzia a terzi \u00e8 escluso.<\/p><h3 class=\"wp-block-heading\">Ambito di applicazione, requisiti, eccezioni ed esclusioni<\/h3><p>Dopo aver restituito la merce acquistata, se l&#8217;utente \u00e8 un consumatore, controlleremo che la merce non presenti difetti ai sensi dei difetti funzionali menzionati in precedenza. Se riscontriamo dei difetti, siamo liberi di riparare la merce o di rimborsare il valore del dispositivo all&#8217;utente. Normalmente il vecchio dispositivo viene riparato. Se ci\u00f2 non fosse possibile, terremo il dispositivo e rimborseremo il prezzo d&#8217;acquisto pagato. La decisione di prendere in considerazione la riparazione o il rimborso del prezzo di acquisto \u00e8 a nostra discrezione e non richiede ulteriori motivazioni. L&#8217;utente verr\u00e0 contattato per la restituzione della merce, le spese di restituzione saranno a nostro carico.<\/p><p>In caso di rimborso del prezzo d&#8217;acquisto, ci avvarremo dello stesso strumento di pagamento che l&#8217;utente ha utilizzato per la transazione originale. Il trasferimento dei diritti di garanzia a soggetti terzi \u00e8 escluso.<\/p><p>Esclusione della garanzia<\/p><p>La garanzia non si applica a&nbsp;<\/p><ol class=\"wp-block-list\"><li>software. I difetti del software non sono inclusi nella nostra garanzia, perch\u00e9 non abbiamo alcuna influenza su di esso;<\/li><\/ol><p>parti soggette a usura, ad esempio schede di memoria rimovibili, otturatori di fotocamere e obiettivi;&nbsp;<\/p><p>parti fragili, come vetro, display, lenti, a causa di rotture;&nbsp;<\/p><p>materiali di consumo, ad esempio batterie o pile ricaricabili;<\/p><p>difetti del software, ad esempio il produttore non fornisce pi\u00f9 gli aggiornamenti software necessari;<\/p><p>errori operativi e di gestione, danni dovuti a influssi ambientali aggressivi, sostanze chimiche e detergenti;&nbsp;<\/p><p>difetti del prodotto causati dall&#8217;installazione e dal trasporto;<\/p><p>articoli multimediali come DVD, libri, software, musica, giochi, ecc.<\/p><ol start=\"2\" class=\"wp-block-list\"><li>La garanzia non si applica a\u00a0<\/li><\/ol><p>difetti causati alla merce dall&#8217;uso improprio, dall&#8217;uso eccessivo, dalla gestione o dal funzionamento non corretti della merce, in particolare anche dalla conservazione non corretta, dalla caduta o dalle forti vibrazioni.<\/p><ol start=\"3\" class=\"wp-block-list\"><li>Alcuni esempi sono:<\/li><\/ol><p>rottura del sigillo non necessaria secondo le istruzioni per l&#8217;uso;<\/p><p>display e\/o alloggiamento rotti;<\/p><p>rottura del cavo per cuffie non sostituibile;&nbsp;<\/p><p>danni causati dall&#8217;acqua;<\/p><p>difetti elettrici dovuti all&#8217;utilizzo di caricabatterie non approvati dal produttore;<\/p><p>installazione di software non approvato dal produttore (comprese le app, ecc.);<\/p><p>mancata osservanza delle istruzioni per l&#8217;installazione, la cura e l&#8217;utilizzo;<\/p><p>danni dovuti alla normale usura (ad esempio segni d&#8217;usura sull&#8217;alloggiamento e\/o sul display) o danni intenzionali;<\/p><p>messa in funzione non corretta;<\/p><p>mancanza di manutenzione o manutenzione errata;<\/p><p>danni al dispositivo che indicano che non \u00e8 stato utilizzato per lo scopo previsto;<\/p><p>incidenti, disastri naturali e qualsiasi altra causa al di fuori del nostro controllo o non prevedibile, inclusi, a mero titolo esemplificativo, i fulmini, l&#8217;acqua, gli incendi, i disordini, la ventilazione e le condizioni climatiche inadeguate.<\/p>","protected":false},"excerpt":{"rendered":"<p>Garanzia e termini della garanzia Nel caso sussista un caso di garanzia, invitiamo a contattarci via mail all&#8217;indirizzo ciao@meloverde.io. Si deve tenere presente che la merce dev&#8217;essere restituita compresi gli accessori originali di Meloverde. Nel caso in cui tali accessori dovessero mancare, l&#8217;eventuale importo da rimborsare verr\u00e0 ridotto di conseguenza. Lo stesso si applica se [&hellip;]<\/p>","protected":false},"author":1,"featured_media":0,"parent":0,"menu_order":0,"comment_status":"closed","ping_status":"closed","template":"","meta":{"footnotes":""},"class_list":["post-3","page","type-page","status-publish","hentry"],"_links":{"self":[{"href":"https:\/\/meloverde.io\/en\/wp-json\/wp\/v2\/pages\/3","targetHints":{"allow":["GET"]}}],"collection":[{"href":"https:\/\/meloverde.io\/en\/wp-json\/wp\/v2\/pages"}],"about":[{"href":"https:\/\/meloverde.io\/en\/wp-json\/wp\/v2\/types\/page"}],"author":[{"embeddable":true,"href":"https:\/\/meloverde.io\/en\/wp-json\/wp\/v2\/users\/1"}],"replies":[{"embeddable":true,"href":"https:\/\/meloverde.io\/en\/wp-json\/wp\/v2\/comments?post=3"}],"version-history":[{"count":1,"href":"https:\/\/meloverde.io\/en\/wp-json\/wp\/v2\/pages\/3\/revisions"}],"predecessor-version":[{"id":1430,"href":"https:\/\/meloverde.io\/en\/wp-json\/wp\/v2\/pages\/3\/revisions\/1430"}],"wp:attachment":[{"href":"https:\/\/meloverde.io\/en\/wp-json\/wp\/v2\/media?parent=3"}],"curies":[{"name":"wp","href":"https:\/\/api.w.org\/{rel}","templated":true}]}}