{"id":1755,"date":"2025-07-08T12:02:56","date_gmt":"2025-07-08T11:02:56","guid":{"rendered":"https:\/\/meloverde.io\/product\/cavo-vga-a-vga-1-8-m\/"},"modified":"2025-11-21T17:25:48","modified_gmt":"2025-11-21T16:25:48","slug":"cavo-vga-a-vga-1-8-m","status":"publish","type":"product","link":"https:\/\/meloverde.io\/en\/product\/cavo-vga-a-vga-1-8-m\/","title":{"rendered":"Cavo VGA a VGA, 1.8 m"},"content":{"rendered":"<p data-mce-fragment=\"1\">Questo cavo da Connettore VGA a VGA da 1,8 m ti consente di estendere la tua schermata oltre la consueta distanza, offrendoti la possibilit\u00e0 di ampliare la tua visuale. Grazie alla connessione affidabile di alta qualit\u00e0, questo cavo \u00e8 ideale per portare la tua esperienza visiva al livello successivo.&nbsp;<\/p>","protected":false},"excerpt":{"rendered":"<p>Questo cavo da Connettore VGA a VGA da 1,8 m ti consente di estendere la tua schermata oltre la consueta distanza, offrendoti la possibilit\u00e0 di ampliare la tua visuale. Grazie alla connessione affidabile di alta qualit\u00e0, questo cavo \u00e8 ideale per portare la tua esperienza visiva al livello successivo.&nbsp;<\/p>","protected":false},"featured_media":1731,"comment_status":"open","ping_status":"closed","template":"","meta":[],"product_cat":[335,336,332],"product_tag":[],"class_list":{"0":"post-1755","1":"product","2":"type-product","3":"status-publish","4":"has-post-thumbnail","6":"product_cat-cavi-e-connettori-informatica","7":"product_cat-cavi-elettrici-e-connettori-informatica","8":"product_cat-informatica-informatica","10":"first","11":"instock","12":"shipping-taxable","13":"purchasable","14":"product-type-simple"},"_links":{"self":[{"href":"https:\/\/meloverde.io\/en\/wp-json\/wp\/v2\/product\/1755","targetHints":{"allow":["GET"]}}],"collection":[{"href":"https:\/\/meloverde.io\/en\/wp-json\/wp\/v2\/product"}],"about":[{"href":"https:\/\/meloverde.io\/en\/wp-json\/wp\/v2\/types\/product"}],"replies":[{"embeddable":true,"href":"https:\/\/meloverde.io\/en\/wp-json\/wp\/v2\/comments?post=1755"}],"wp:featuredmedia":[{"embeddable":true,"href":"https:\/\/meloverde.io\/en\/wp-json\/wp\/v2\/media\/1731"}],"wp:attachment":[{"href":"https:\/\/meloverde.io\/en\/wp-json\/wp\/v2\/media?parent=1755"}],"wp:term":[{"taxonomy":"product_cat","embeddable":true,"href":"https:\/\/meloverde.io\/en\/wp-json\/wp\/v2\/product_cat?post=1755"},{"taxonomy":"product_tag","embeddable":true,"href":"https:\/\/meloverde.io\/en\/wp-json\/wp\/v2\/product_tag?post=1755"}],"curies":[{"name":"wp","href":"https:\/\/api.w.org\/{rel}","templated":true}]}}